{"id":26,"date":"2025-11-30T13:11:59","date_gmt":"2025-11-30T13:11:59","guid":{"rendered":"https:\/\/agathe-guichard-psychologue.fr\/?page_id=26"},"modified":"2026-01-02T22:42:51","modified_gmt":"2026-01-02T21:42:51","slug":"mentions-legales","status":"publish","type":"page","link":"https:\/\/agathe-guichard-psychologue.fr\/index.php\/mentions-legales\/","title":{"rendered":"Mentions l\u00e9gales"},"content":{"rendered":"\n<div class=\"wp-block-group alignfull is-layout-flow wp-block-group-is-layout-flow\">\n<div class=\"wp-block-group is-nowrap is-layout-flex wp-container-core-group-is-layout-6c531013 wp-block-group-is-layout-flex\">\n<div style=\"height:100px;width:0px\" aria-hidden=\"true\" class=\"wp-block-spacer wp-container-content-1299c3d7\"><\/div>\n\n\n\n<div class=\"wp-block-group alignfull has-background has-global-padding is-layout-constrained wp-container-core-group-is-layout-b816a7e6 wp-block-group-is-layout-constrained\" style=\"background-color:#f7fafc00;padding-top:var(--wp--preset--spacing--superbspacing-xxlarge);padding-right:var(--wp--preset--spacing--superbspacing-small);padding-bottom:120px;padding-left:var(--wp--preset--spacing--superbspacing-small)\">\n<div class=\"wp-block-group alignfull is-vertical is-content-justification-center is-layout-flex wp-container-core-group-is-layout-4c120eef wp-block-group-is-layout-flex\">\n<p class=\"has-text-align-center has-secondary-color has-text-color has-superbfont-medium-font-size\">Le pr\u00e9sent site web est \u00e9dit\u00e9 par Agathe Guichard, r\u00e9sidant au 2 Rue L\u00e9on Guignard, 39380 Mont-sous-Vaudrey.<\/p>\n\n\n\n<p>Directeur de la publication : Agathe Guichard<\/p>\n\n\n\n<p>Adresse e-mail : guichard.agathe@outlook.com<\/p>\n\n\n\n<p>T\u00e9l\u00e9phone : 06 06 06 06 06<\/p>\n\n\n\n<p>H\u00e9bergeur : OVH, soci\u00e9t\u00e9 par actions simplifi\u00e9es, au capital de 10 174 560,00 \u20ac, immatricul\u00e9e au registre du commerce et des soci\u00e9t\u00e9s de Traitement de donn\u00e9es, h\u00e9bergement et activit\u00e9s connexes sous le num\u00e9ro 6311Z, dont le si\u00e8ge social est situ\u00e9 au 2 RUE KELLERMANN 59100 ROUBAIX. T\u00e9l\u00e9phone : 1007.<\/p>\n\n\n\n<p>Le pr\u00e9sent site web a \u00e9t\u00e9 r\u00e9alis\u00e9 par Adrien Guichard <\/p>\n\n\n\n<p>e-mail : guichard.agathe@outlook.com<\/p>\n\n\n\n<p>Cookies :<\/p>\n\n\n\n<p>Ce site web utilise des cookies pour am\u00e9liorer votre exp\u00e9rience de navigation. Ces cookies ne collectent pas de donn\u00e9es personnelles et sont utilis\u00e9s \u00e0 des fins statistiques et de mesure d\u2019audience. Si vous souhaitez d\u00e9sactiver les cookies, vous pouvez le faire \u00e0 tout moment en modifiant les param\u00e8tres de votre navigateur.<\/p>\n\n\n\n<p>Propri\u00e9t\u00e9 intellectuelle :<\/p>\n\n\n\n<p>Le contenu de ce site web est la propri\u00e9t\u00e9 exclusive d&rsquo;Agathe Guichard et est prot\u00e9g\u00e9 par les lois en vigueur sur la propri\u00e9t\u00e9 intellectuelle. Toute reproduction ou repr\u00e9sentation, totale ou partielle, du site web ou de son contenu, sans autorisation expresse d&rsquo;Agathe Guichard, est interdite et constitue une contrefa\u00e7on sanctionn\u00e9e par les articles L.335-2 et suivants du Code de la propri\u00e9t\u00e9 intellectuelle.<\/p>\n\n\n\n<p>Droit applicable :<\/p>\n\n\n\n<p class=\"has-text-align-center has-secondary-color has-text-color has-superbfont-medium-font-size\">Le pr\u00e9sent site web est soumis au droit fran\u00e7ais. Tout litige relatif \u00e0 son utilisation sera soumis \u00e0 la comp\u00e9tence exclusive des tribunaux fran\u00e7ais.<\/p>\n<\/div>\n<\/div>\n\n\n\n<div style=\"height:100px;width:0px\" aria-hidden=\"true\" class=\"wp-block-spacer wp-container-content-1299c3d7\"><\/div>\n<\/div>\n<\/div>\n","protected":false},"excerpt":{"rendered":"<p>Le pr\u00e9sent site web est \u00e9dit\u00e9 par Agathe Guichard, r\u00e9sidant au 2 Rue L\u00e9on Guignard, 39380 Mont-sous-Vaudrey. Directeur de la publication : Agathe Guichard Adresse e-mail : guichard.agathe@outlook.com T\u00e9l\u00e9phone : 06 06 06 06 06 H\u00e9bergeur : OVH, soci\u00e9t\u00e9 par actions simplifi\u00e9es, au capital de 10 174 560,00 \u20ac, immatricul\u00e9e au registre du commerce et [&hellip;]<\/p>\n","protected":false},"author":1,"featured_media":0,"parent":0,"menu_order":0,"comment_status":"closed","ping_status":"closed","template":"","meta":{"_uag_custom_page_level_css":"","footnotes":""},"class_list":["post-26","page","type-page","status-publish","hentry"],"uagb_featured_image_src":{"full":false,"thumbnail":false,"medium":false,"medium_large":false,"large":false,"1536x1536":false,"2048x2048":false},"uagb_author_info":{"display_name":"admin8937","author_link":"https:\/\/agathe-guichard-psychologue.fr\/index.php\/author\/admin8937\/"},"uagb_comment_info":0,"uagb_excerpt":"Le pr\u00e9sent site web est \u00e9dit\u00e9 par Agathe Guichard, r\u00e9sidant au 2 Rue L\u00e9on Guignard, 39380 Mont-sous-Vaudrey. Directeur de la publication : Agathe Guichard Adresse e-mail : guichard.agathe@outlook.com T\u00e9l\u00e9phone : 06 06 06 06 06 H\u00e9bergeur : OVH, soci\u00e9t\u00e9 par actions simplifi\u00e9es, au capital de 10 174 560,00 \u20ac, immatricul\u00e9e au registre du commerce et\u2026","jetpack_sharing_enabled":true,"_links":{"self":[{"href":"https:\/\/agathe-guichard-psychologue.fr\/index.php\/wp-json\/wp\/v2\/pages\/26","targetHints":{"allow":["GET"]}}],"collection":[{"href":"https:\/\/agathe-guichard-psychologue.fr\/index.php\/wp-json\/wp\/v2\/pages"}],"about":[{"href":"https:\/\/agathe-guichard-psychologue.fr\/index.php\/wp-json\/wp\/v2\/types\/page"}],"author":[{"embeddable":true,"href":"https:\/\/agathe-guichard-psychologue.fr\/index.php\/wp-json\/wp\/v2\/users\/1"}],"replies":[{"embeddable":true,"href":"https:\/\/agathe-guichard-psychologue.fr\/index.php\/wp-json\/wp\/v2\/comments?post=26"}],"version-history":[{"count":3,"href":"https:\/\/agathe-guichard-psychologue.fr\/index.php\/wp-json\/wp\/v2\/pages\/26\/revisions"}],"predecessor-version":[{"id":1111,"href":"https:\/\/agathe-guichard-psychologue.fr\/index.php\/wp-json\/wp\/v2\/pages\/26\/revisions\/1111"}],"wp:attachment":[{"href":"https:\/\/agathe-guichard-psychologue.fr\/index.php\/wp-json\/wp\/v2\/media?parent=26"}],"curies":[{"name":"wp","href":"https:\/\/api.w.org\/{rel}","templated":true}]}}