{"id":27,"date":"2025-11-29T18:46:58","date_gmt":"2025-11-29T18:46:58","guid":{"rendered":"https:\/\/agathe-guichard-psychologue.fr\/index.php\/contacts-et-acces\/"},"modified":"2026-01-04T16:37:20","modified_gmt":"2026-01-04T15:37:20","slug":"contacts-et-acces","status":"publish","type":"page","link":"https:\/\/agathe-guichard-psychologue.fr\/index.php\/contacts-et-acces\/","title":{"rendered":"Contacts et acc\u00e8s"},"content":{"rendered":"\n<div class=\"wp-block-group alignfull has-global-padding is-layout-constrained wp-block-group-is-layout-constrained\">\n<div style=\"height:20px\" aria-hidden=\"true\" class=\"wp-block-spacer\"><\/div>\n\n\n\n<div class=\"wp-block-group alignfull uag-hide-tab uag-hide-mob is-content-justification-center is-layout-flex wp-container-core-group-is-layout-a67e46d8 wp-block-group-is-layout-flex\" style=\"padding-right:0;padding-left:0\">\n<div class=\"wp-block-group alignfull wp-container-content-2f62e668 is-vertical is-content-justification-center is-layout-flex wp-container-core-group-is-layout-ce155fab wp-block-group-is-layout-flex\">\n<div class=\"wp-block-superb-addons-google-maps\"><div class=\"superbaddons-google-maps-block\" style=\"border-radius:10%;height:300px\"><iframe loading=\"lazy\" width=\"100%\" height=\"300px\" frameborder=\"0\" margin=\"0\" padding=\"0\" referrerpolicy=\"no-referrer-when-downgrade\" src=\"https:\/\/maps.google.com\/maps?width=100%&amp;height=100%&amp;q=2 Rue L\u00e9on Guignard, 39380 Mont-sous-Vaudrey&amp;t=&amp;z=9&amp;hl=fr&amp;ie=UTF8&amp;iwloc=B&amp;output=embed\"><\/iframe><\/div><\/div>\n\n\n\n<div class=\"wp-block-group is-vertical is-nowrap is-layout-flex wp-container-core-group-is-layout-9a3c820f wp-block-group-is-layout-flex\">\n<div class=\"wp-block-group has-superbfont-xxsmall-font-size is-nowrap is-layout-flex wp-container-core-group-is-layout-6c531013 wp-block-group-is-layout-flex\">\n<figure class=\"wp-block-image size-full wp-container-content-82ea18c2\"><img loading=\"lazy\" decoding=\"async\" width=\"215\" height=\"215\" src=\"http:\/\/agathe-guichard-psychologue.fr\/wp-content\/uploads\/2025\/11\/Gemini_Generated_Image_m0f92lm0f92lm0f9-removebg-preview.png\" alt=\"\" class=\"wp-image-77\" srcset=\"https:\/\/agathe-guichard-psychologue.fr\/wp-content\/uploads\/2025\/11\/Gemini_Generated_Image_m0f92lm0f92lm0f9-removebg-preview.png 215w, https:\/\/agathe-guichard-psychologue.fr\/wp-content\/uploads\/2025\/11\/Gemini_Generated_Image_m0f92lm0f92lm0f9-removebg-preview-150x150.png 150w\" sizes=\"auto, (max-width: 215px) 100vw, 215px\" \/><\/figure>\n\n\n\n<p class=\"has-superbfont-xsmall-font-size\">Ch\u00e2teau de Gr\u00e9vy | 2 Rue L\u00e9on Guignard | 39380 Mont-sous-Vaudrey<\/p>\n<\/div>\n\n\n\n<div class=\"wp-block-group has-superbfont-xxsmall-font-size is-nowrap is-layout-flex wp-container-core-group-is-layout-6c531013 wp-block-group-is-layout-flex\">\n<figure class=\"wp-block-image size-full wp-container-content-e1bb55cb\"><img loading=\"lazy\" decoding=\"async\" width=\"183\" height=\"183\" src=\"http:\/\/agathe-guichard-psychologue.fr\/wp-content\/uploads\/2025\/11\/Gemini_Generated_Image_s0b2xfs0b2xfs0b2-removebg-preview.png\" alt=\"\" class=\"wp-image-76\" srcset=\"https:\/\/agathe-guichard-psychologue.fr\/wp-content\/uploads\/2025\/11\/Gemini_Generated_Image_s0b2xfs0b2xfs0b2-removebg-preview.png 183w, https:\/\/agathe-guichard-psychologue.fr\/wp-content\/uploads\/2025\/11\/Gemini_Generated_Image_s0b2xfs0b2xfs0b2-removebg-preview-150x150.png 150w\" sizes=\"auto, (max-width: 183px) 100vw, 183px\" \/><\/figure>\n\n\n\n<p class=\"has-superbfont-xsmall-font-size\">06.31.13.20.28<\/p>\n<\/div>\n\n\n\n<div class=\"wp-block-group has-superbfont-xxsmall-font-size is-nowrap is-layout-flex wp-container-core-group-is-layout-6c531013 wp-block-group-is-layout-flex\">\n<figure class=\"wp-block-image size-full wp-container-content-e1bb55cb\"><img loading=\"lazy\" decoding=\"async\" width=\"183\" height=\"183\" src=\"http:\/\/agathe-guichard-psychologue.fr\/wp-content\/uploads\/2025\/11\/Gemini_Generated_Image_lvsbt6lvsbt6lvsb-removebg-preview.png\" alt=\"\" class=\"wp-image-75\" srcset=\"https:\/\/agathe-guichard-psychologue.fr\/wp-content\/uploads\/2025\/11\/Gemini_Generated_Image_lvsbt6lvsbt6lvsb-removebg-preview.png 183w, https:\/\/agathe-guichard-psychologue.fr\/wp-content\/uploads\/2025\/11\/Gemini_Generated_Image_lvsbt6lvsbt6lvsb-removebg-preview-150x150.png 150w\" sizes=\"auto, (max-width: 183px) 100vw, 183px\" \/><\/figure>\n\n\n\n<p class=\"has-superbfont-xsmall-font-size\">guichard.agathe@outlook.com<\/p>\n<\/div>\n\n\n\n<div class=\"wp-block-group has-superbfont-xxsmall-font-size is-nowrap is-layout-flex wp-container-core-group-is-layout-6c531013 wp-block-group-is-layout-flex\">\n<figure class=\"wp-block-image size-full wp-container-content-e1bb55cb\"><img loading=\"lazy\" decoding=\"async\" width=\"239\" height=\"239\" src=\"http:\/\/agathe-guichard-psychologue.fr\/wp-content\/uploads\/2025\/11\/Gemini_Generated_Image_bgsceybgsceybgsc-removebg-preview.png\" alt=\"\" class=\"wp-image-73\" srcset=\"https:\/\/agathe-guichard-psychologue.fr\/wp-content\/uploads\/2025\/11\/Gemini_Generated_Image_bgsceybgsceybgsc-removebg-preview.png 239w, https:\/\/agathe-guichard-psychologue.fr\/wp-content\/uploads\/2025\/11\/Gemini_Generated_Image_bgsceybgsceybgsc-removebg-preview-150x150.png 150w\" sizes=\"auto, (max-width: 239px) 100vw, 239px\" \/><\/figure>\n\n\n\n<ul class=\"wp-block-list has-superbfont-xsmall-font-size\">\n<li>Lundi 13h-19h<\/li>\n\n\n\n<li>Mercredi 13h-19h<\/li>\n\n\n\n<li>Jeudi 13h-19h<\/li>\n<\/ul>\n<\/div>\n\n\n\n<div class=\"wp-block-group has-superbfont-xxsmall-font-size is-nowrap is-layout-flex wp-container-core-group-is-layout-6c531013 wp-block-group-is-layout-flex\">\n<figure class=\"wp-block-image size-full wp-container-content-e1bb55cb\"><img loading=\"lazy\" decoding=\"async\" width=\"239\" height=\"239\" src=\"http:\/\/agathe-guichard-psychologue.fr\/wp-content\/uploads\/2025\/11\/Gemini_Generated_Image_rf4rjzrf4rjzrf4r-removebg-preview.png\" alt=\"\" class=\"wp-image-74\" srcset=\"https:\/\/agathe-guichard-psychologue.fr\/wp-content\/uploads\/2025\/11\/Gemini_Generated_Image_rf4rjzrf4rjzrf4r-removebg-preview.png 239w, https:\/\/agathe-guichard-psychologue.fr\/wp-content\/uploads\/2025\/11\/Gemini_Generated_Image_rf4rjzrf4rjzrf4r-removebg-preview-150x150.png 150w\" sizes=\"auto, (max-width: 239px) 100vw, 239px\" \/><\/figure>\n\n\n\n<p class=\"has-superbfont-xsmall-font-size\">Parking gratuit, acc\u00e8s PMR <\/p>\n<\/div>\n\n\n\n<div style=\"height:10px\" aria-hidden=\"true\" class=\"wp-block-spacer wp-container-content-728072c3\"><\/div>\n\n\n\n<p class=\"has-text-align-center\" style=\"border-width:3px;border-top-left-radius:10px;border-top-right-radius:10px;border-bottom-left-radius:10px;border-bottom-right-radius:10px;padding-top:var(--wp--preset--spacing--superbspacing-xxsmall);padding-bottom:var(--wp--preset--spacing--superbspacing-xxsmall)\">La prise de contact, les r\u00e9ponses aux messages et aux demandes sont assur\u00e9es exclusivement le matin, avant le d\u00e9but des consultations<\/p>\n<\/div>\n<\/div>\n\n\n\n<div style=\"height:100px;width:50px\" aria-hidden=\"true\" class=\"wp-block-spacer wp-container-content-f026d036\"><\/div>\n\n\n\n<div class=\"wp-block-group wp-container-content-dc435e0d is-content-justification-center is-nowrap is-layout-flex wp-container-core-group-is-layout-23441af8 wp-block-group-is-layout-flex\">\n<div class=\"wp-block-group wp-container-content-958eb9dc is-vertical is-content-justification-center is-layout-flex wp-container-core-group-is-layout-e802a8b2 wp-block-group-is-layout-flex\" style=\"border-top-left-radius:0px;border-top-right-radius:0px;border-bottom-left-radius:0px;border-bottom-right-radius:0px;padding-top:0;padding-right:0;padding-bottom:0;padding-left:0\">\n<p style=\"opacity: 0;\" superb-addons-animation=\"revealltr\" class=\"has-text-align-center has-superbfont-large-font-size\" id=\"contact\">Me contacter :<\/p>\n\n\n\n<div style=\"height:0px\" aria-hidden=\"true\" class=\"wp-block-spacer wp-container-content-b0b89ccb\"><\/div>\n\n\n\n<p>Une fois le formulaire rempli, une prise de contact est effectu\u00e9e pour convenir d\u2019un premier rendez-vous.<\/p>\n\n\n\n<div style=\"height:38px\" aria-hidden=\"true\" class=\"wp-block-spacer wp-container-content-16d1eb73\"><\/div>\n\n\n<div class=\"wp-block-jetpack-contact-form\"><a href=\"https:\/\/agathe-guichard-psychologue.fr\/index.php\/contacts-et-acces\/\" target=\"_blank\" rel=\"noopener noreferrer\">Soumettre un formulaire.<\/a><\/div><\/div>\n<\/div>\n<\/div>\n\n\n\n<div class=\"wp-block-group alignfull uag-hide-desktop is-content-justification-center is-layout-flex wp-container-core-group-is-layout-a67e46d8 wp-block-group-is-layout-flex\" style=\"padding-right:0;padding-left:0\">\n<div class=\"wp-block-group alignfull wp-container-content-24227693 is-vertical is-content-justification-center is-layout-flex wp-container-core-group-is-layout-ce155fab wp-block-group-is-layout-flex\">\n<div class=\"wp-block-group is-vertical is-content-justification-left is-nowrap is-layout-flex wp-container-core-group-is-layout-b908762a wp-block-group-is-layout-flex\">\n<div class=\"wp-block-group has-superbfont-xxsmall-font-size is-nowrap is-layout-flex wp-container-core-group-is-layout-6c531013 wp-block-group-is-layout-flex\">\n<figure class=\"wp-block-image size-full wp-container-content-782f50a5\"><img loading=\"lazy\" decoding=\"async\" width=\"215\" height=\"215\" src=\"http:\/\/agathe-guichard-psychologue.fr\/wp-content\/uploads\/2025\/11\/Gemini_Generated_Image_m0f92lm0f92lm0f9-removebg-preview.png\" alt=\"\" class=\"wp-image-77\" srcset=\"https:\/\/agathe-guichard-psychologue.fr\/wp-content\/uploads\/2025\/11\/Gemini_Generated_Image_m0f92lm0f92lm0f9-removebg-preview.png 215w, https:\/\/agathe-guichard-psychologue.fr\/wp-content\/uploads\/2025\/11\/Gemini_Generated_Image_m0f92lm0f92lm0f9-removebg-preview-150x150.png 150w\" sizes=\"auto, (max-width: 215px) 100vw, 215px\" \/><\/figure>\n\n\n\n<p class=\"has-superbfont-xsmall-font-size\">Ch\u00e2teau de Gr\u00e9vy | 2 Rue L\u00e9on Guignard | 39380 Mont-sous-Vaudrey<\/p>\n<\/div>\n\n\n\n<div class=\"wp-block-group has-superbfont-xxsmall-font-size is-nowrap is-layout-flex wp-container-core-group-is-layout-6c531013 wp-block-group-is-layout-flex\">\n<figure class=\"wp-block-image size-full wp-container-content-e1bb55cb\"><img loading=\"lazy\" decoding=\"async\" width=\"183\" height=\"183\" src=\"http:\/\/agathe-guichard-psychologue.fr\/wp-content\/uploads\/2025\/11\/Gemini_Generated_Image_s0b2xfs0b2xfs0b2-removebg-preview.png\" alt=\"\" class=\"wp-image-76\" srcset=\"https:\/\/agathe-guichard-psychologue.fr\/wp-content\/uploads\/2025\/11\/Gemini_Generated_Image_s0b2xfs0b2xfs0b2-removebg-preview.png 183w, https:\/\/agathe-guichard-psychologue.fr\/wp-content\/uploads\/2025\/11\/Gemini_Generated_Image_s0b2xfs0b2xfs0b2-removebg-preview-150x150.png 150w\" sizes=\"auto, (max-width: 183px) 100vw, 183px\" \/><\/figure>\n\n\n\n<p class=\"has-superbfont-xsmall-font-size\">06.31.13.20.28<\/p>\n<\/div>\n\n\n\n<div class=\"wp-block-group has-superbfont-xxsmall-font-size is-nowrap is-layout-flex wp-container-core-group-is-layout-6c531013 wp-block-group-is-layout-flex\">\n<figure class=\"wp-block-image size-full wp-container-content-e1bb55cb\"><img loading=\"lazy\" decoding=\"async\" width=\"183\" height=\"183\" src=\"http:\/\/agathe-guichard-psychologue.fr\/wp-content\/uploads\/2025\/11\/Gemini_Generated_Image_lvsbt6lvsbt6lvsb-removebg-preview.png\" alt=\"\" class=\"wp-image-75\" srcset=\"https:\/\/agathe-guichard-psychologue.fr\/wp-content\/uploads\/2025\/11\/Gemini_Generated_Image_lvsbt6lvsbt6lvsb-removebg-preview.png 183w, https:\/\/agathe-guichard-psychologue.fr\/wp-content\/uploads\/2025\/11\/Gemini_Generated_Image_lvsbt6lvsbt6lvsb-removebg-preview-150x150.png 150w\" sizes=\"auto, (max-width: 183px) 100vw, 183px\" \/><\/figure>\n\n\n\n<p class=\"has-superbfont-xsmall-font-size\">guichard.agathe@outlook.com<\/p>\n<\/div>\n\n\n\n<div class=\"wp-block-group has-superbfont-xxsmall-font-size is-nowrap is-layout-flex wp-container-core-group-is-layout-6c531013 wp-block-group-is-layout-flex\">\n<figure class=\"wp-block-image size-full wp-container-content-e1bb55cb\"><img loading=\"lazy\" decoding=\"async\" width=\"239\" height=\"239\" src=\"http:\/\/agathe-guichard-psychologue.fr\/wp-content\/uploads\/2025\/11\/Gemini_Generated_Image_bgsceybgsceybgsc-removebg-preview.png\" alt=\"\" class=\"wp-image-73\" srcset=\"https:\/\/agathe-guichard-psychologue.fr\/wp-content\/uploads\/2025\/11\/Gemini_Generated_Image_bgsceybgsceybgsc-removebg-preview.png 239w, https:\/\/agathe-guichard-psychologue.fr\/wp-content\/uploads\/2025\/11\/Gemini_Generated_Image_bgsceybgsceybgsc-removebg-preview-150x150.png 150w\" sizes=\"auto, (max-width: 239px) 100vw, 239px\" \/><\/figure>\n\n\n\n<ul class=\"wp-block-list has-superbfont-xsmall-font-size\">\n<li>Lundi 13h-19h<\/li>\n\n\n\n<li>Mercredi 13h-19h<\/li>\n\n\n\n<li>Jeudi 13h-19h<\/li>\n<\/ul>\n<\/div>\n\n\n\n<div class=\"wp-block-group has-superbfont-xxsmall-font-size is-nowrap is-layout-flex wp-container-core-group-is-layout-6c531013 wp-block-group-is-layout-flex\">\n<figure class=\"wp-block-image size-full wp-container-content-e1bb55cb\"><img loading=\"lazy\" decoding=\"async\" width=\"239\" height=\"239\" src=\"http:\/\/agathe-guichard-psychologue.fr\/wp-content\/uploads\/2025\/11\/Gemini_Generated_Image_rf4rjzrf4rjzrf4r-removebg-preview.png\" alt=\"\" class=\"wp-image-74\" srcset=\"https:\/\/agathe-guichard-psychologue.fr\/wp-content\/uploads\/2025\/11\/Gemini_Generated_Image_rf4rjzrf4rjzrf4r-removebg-preview.png 239w, https:\/\/agathe-guichard-psychologue.fr\/wp-content\/uploads\/2025\/11\/Gemini_Generated_Image_rf4rjzrf4rjzrf4r-removebg-preview-150x150.png 150w\" sizes=\"auto, (max-width: 239px) 100vw, 239px\" \/><\/figure>\n\n\n\n<p class=\"has-superbfont-xsmall-font-size\">Parking gratuit, acc\u00e8s PMR <\/p>\n<\/div>\n\n\n\n<div style=\"height:10px\" aria-hidden=\"true\" class=\"wp-block-spacer wp-container-content-728072c3\"><\/div>\n<\/div>\n\n\n\n<div class=\"wp-block-superb-addons-google-maps\"><div class=\"superbaddons-google-maps-block\" style=\"border-radius:10%;height:300px\"><iframe loading=\"lazy\" width=\"100%\" height=\"300px\" frameborder=\"0\" margin=\"0\" padding=\"0\" referrerpolicy=\"no-referrer-when-downgrade\" src=\"https:\/\/maps.google.com\/maps?width=100%&amp;height=100%&amp;q=2 Rue L\u00e9on Guignard, 39380 Mont-sous-Vaudrey&amp;t=&amp;z=9&amp;hl=fr&amp;ie=UTF8&amp;iwloc=B&amp;output=embed\"><\/iframe><\/div><\/div>\n\n\n\n<div style=\"height:30px\" aria-hidden=\"true\" class=\"wp-block-spacer wp-container-content-cf2db169\"><\/div>\n\n\n\n<div class=\"wp-block-group is-nowrap is-layout-flex wp-container-core-group-is-layout-6c531013 wp-block-group-is-layout-flex\">\n<div style=\"height:100px;width:0px\" aria-hidden=\"true\" class=\"wp-block-spacer uag-hide-desktop uag-hide-tab uag-hide-mob wp-container-content-9fbfa86d\"><\/div>\n\n\n\n<div class=\"wp-block-group wp-container-content-958eb9dc is-content-justification-center is-nowrap is-layout-flex wp-container-core-group-is-layout-23441af8 wp-block-group-is-layout-flex\">\n<div class=\"wp-block-group wp-container-content-958eb9dc is-vertical is-content-justification-center is-layout-flex wp-container-core-group-is-layout-e802a8b2 wp-block-group-is-layout-flex\" style=\"border-top-left-radius:0px;border-top-right-radius:0px;border-bottom-left-radius:0px;border-bottom-right-radius:0px;padding-top:0;padding-right:0;padding-bottom:0;padding-left:0\">\n<p style=\"opacity: 0;\" superb-addons-animation=\"revealltr\" class=\"has-text-align-center has-superbfont-large-font-size\" id=\"formulaire\">Me contacter :<\/p>\n\n\n\n<div style=\"height:0px\" aria-hidden=\"true\" class=\"wp-block-spacer wp-container-content-b0b89ccb\"><\/div>\n\n\n\n<p>Une fois le formulaire rempli, une prise de contact est effectu\u00e9e pour convenir d\u2019un premier rendez-vous.<\/p>\n\n\n\n<div style=\"height:38px\" aria-hidden=\"true\" class=\"wp-block-spacer wp-container-content-16d1eb73\"><\/div>\n\n\n<div class=\"wp-block-jetpack-contact-form\"><a href=\"https:\/\/agathe-guichard-psychologue.fr\/index.php\/contacts-et-acces\/\" target=\"_blank\" rel=\"noopener noreferrer\">Soumettre un formulaire.<\/a><\/div><\/div>\n<\/div>\n<\/div>\n<\/div>\n\n\n\n<div class=\"wp-block-group is-nowrap is-layout-flex wp-container-core-group-is-layout-6c531013 wp-block-group-is-layout-flex\">\n<div style=\"height:100px;width:0px\" aria-hidden=\"true\" class=\"wp-block-spacer wp-container-content-1299c3d7\"><\/div>\n\n\n\n<p class=\"has-text-align-center\" style=\"border-width:3px;border-top-left-radius:10px;border-top-right-radius:10px;border-bottom-left-radius:10px;border-bottom-right-radius:10px;padding-top:var(--wp--preset--spacing--superbspacing-xxsmall);padding-bottom:var(--wp--preset--spacing--superbspacing-xxsmall)\">La prise de contact, les r\u00e9ponses aux messages et aux demandes sont assur\u00e9es exclusivement le matin, avant le d\u00e9but des consultations<\/p>\n\n\n\n<div style=\"height:100px;width:0px\" aria-hidden=\"true\" class=\"wp-block-spacer wp-container-content-1299c3d7\"><\/div>\n<\/div>\n<\/div>\n\n\n\n<div style=\"height:10px\" aria-hidden=\"true\" class=\"wp-block-spacer\"><\/div>\n\n\n\n<p class=\"has-text-align-center has-superbfont-medium-font-size superb-addons-hide-on-mobile\" style=\"margin-top:var(--wp--preset--spacing--superbspacing-small);margin-bottom:var(--wp--preset--spacing--superbspacing-small)\">Mon cabinet se trouve au sein de ce b\u00e2timent, \u00e0 l&rsquo;arri\u00e8re du ch\u00e2teau, dans un cadre calme et agr\u00e9able :<\/p>\n\n\n\n<div class=\"wp-block-group uag-hide-desktop uag-hide-tab is-nowrap is-layout-flex wp-container-core-group-is-layout-6c531013 wp-block-group-is-layout-flex\">\n<div style=\"height:100px;width:0px\" aria-hidden=\"true\" class=\"wp-block-spacer wp-container-content-a3e90ddf\"><\/div>\n\n\n\n<p class=\"has-text-align-left has-superbfont-medium-font-size\" style=\"margin-top:var(--wp--preset--spacing--superbspacing-small);margin-bottom:var(--wp--preset--spacing--superbspacing-small)\">Mon cabinet se trouve au sein de ce b\u00e2timent, \u00e0 l&rsquo;arri\u00e8re du ch\u00e2teau, dans un cadre calme et agr\u00e9able :<\/p>\n\n\n\n<div style=\"height:100px;width:0px\" aria-hidden=\"true\" class=\"wp-block-spacer wp-container-content-1299c3d7\"><\/div>\n<\/div>\n\n\n\n<div class=\"wp-block-group is-content-justification-center is-layout-flex wp-container-core-group-is-layout-0b15081d wp-block-group-is-layout-flex superb-addons-hide-on-mobile\" style=\"padding-top:0;padding-right:0;padding-bottom:0;padding-left:0\">\n<figure class=\"wp-block-image size-full wp-container-content-9dbf05af\" style=\"margin-right:0;margin-left:0\"><img loading=\"lazy\" decoding=\"async\" width=\"960\" height=\"640\" src=\"https:\/\/agathe-guichard-psychologue.fr\/wp-content\/uploads\/2025\/12\/daec-parc-chateau-2_3_391387-175256576193109-modified.png\" alt=\"\" class=\"wp-image-206\" srcset=\"https:\/\/agathe-guichard-psychologue.fr\/wp-content\/uploads\/2025\/12\/daec-parc-chateau-2_3_391387-175256576193109-modified.png 960w, https:\/\/agathe-guichard-psychologue.fr\/wp-content\/uploads\/2025\/12\/daec-parc-chateau-2_3_391387-175256576193109-modified-300x200.png 300w, https:\/\/agathe-guichard-psychologue.fr\/wp-content\/uploads\/2025\/12\/daec-parc-chateau-2_3_391387-175256576193109-modified-768x512.png 768w\" sizes=\"auto, (max-width: 960px) 100vw, 960px\" \/><\/figure>\n\n\n\n<div style=\"height:100px;width:0px\" aria-hidden=\"true\" class=\"wp-block-spacer wp-container-content-e1bb55cb\"><\/div>\n\n\n\n<figure class=\"wp-block-image size-full has-custom-border is-style-default wp-container-content-9dbf05af\" style=\"margin-right:0;margin-left:0\"><img loading=\"lazy\" decoding=\"async\" width=\"1024\" height=\"689\" src=\"https:\/\/agathe-guichard-psychologue.fr\/wp-content\/uploads\/2025\/12\/608367581-modified-1-1.png\" alt=\"\" class=\"wp-image-401\" style=\"border-style:none;border-width:0px;border-top-left-radius:0px;border-top-right-radius:0px;border-bottom-left-radius:0px;border-bottom-right-radius:0px\" srcset=\"https:\/\/agathe-guichard-psychologue.fr\/wp-content\/uploads\/2025\/12\/608367581-modified-1-1.png 1024w, https:\/\/agathe-guichard-psychologue.fr\/wp-content\/uploads\/2025\/12\/608367581-modified-1-1-300x202.png 300w, https:\/\/agathe-guichard-psychologue.fr\/wp-content\/uploads\/2025\/12\/608367581-modified-1-1-768x517.png 768w\" sizes=\"auto, (max-width: 1024px) 100vw, 1024px\" \/><\/figure>\n<\/div>\n\n\n\n<div class=\"wp-block-group uag-hide-desktop uag-hide-tab is-nowrap is-layout-flex wp-container-core-group-is-layout-6c531013 wp-block-group-is-layout-flex\">\n<div style=\"height:100px;width:0px\" aria-hidden=\"true\" class=\"wp-block-spacer wp-container-content-1299c3d7\"><\/div>\n\n\n\n<div class=\"wp-block-group uag-hide-desktop uag-hide-tab is-vertical is-content-justification-center is-layout-flex wp-container-core-group-is-layout-d5572c4a wp-block-group-is-layout-flex\" style=\"padding-top:0;padding-right:0;padding-bottom:0;padding-left:0\">\n<figure class=\"wp-block-image size-full wp-container-content-9fac21de\" style=\"margin-right:0;margin-left:0\"><img loading=\"lazy\" decoding=\"async\" width=\"960\" height=\"640\" src=\"https:\/\/agathe-guichard-psychologue.fr\/wp-content\/uploads\/2025\/12\/daec-parc-chateau-2_3_391387-175256576193109-modified.png\" alt=\"\" class=\"wp-image-206\" srcset=\"https:\/\/agathe-guichard-psychologue.fr\/wp-content\/uploads\/2025\/12\/daec-parc-chateau-2_3_391387-175256576193109-modified.png 960w, https:\/\/agathe-guichard-psychologue.fr\/wp-content\/uploads\/2025\/12\/daec-parc-chateau-2_3_391387-175256576193109-modified-300x200.png 300w, https:\/\/agathe-guichard-psychologue.fr\/wp-content\/uploads\/2025\/12\/daec-parc-chateau-2_3_391387-175256576193109-modified-768x512.png 768w\" sizes=\"auto, (max-width: 960px) 100vw, 960px\" \/><\/figure>\n\n\n\n<figure class=\"wp-block-image size-full has-custom-border is-style-default wp-container-content-9fac21de\" style=\"margin-right:0;margin-left:0\"><img loading=\"lazy\" decoding=\"async\" width=\"1024\" height=\"689\" src=\"https:\/\/agathe-guichard-psychologue.fr\/wp-content\/uploads\/2025\/12\/608367581-modified-1-1.png\" alt=\"\" class=\"wp-image-401\" style=\"border-style:none;border-width:0px;border-top-left-radius:0px;border-top-right-radius:0px;border-bottom-left-radius:0px;border-bottom-right-radius:0px\" srcset=\"https:\/\/agathe-guichard-psychologue.fr\/wp-content\/uploads\/2025\/12\/608367581-modified-1-1.png 1024w, https:\/\/agathe-guichard-psychologue.fr\/wp-content\/uploads\/2025\/12\/608367581-modified-1-1-300x202.png 300w, https:\/\/agathe-guichard-psychologue.fr\/wp-content\/uploads\/2025\/12\/608367581-modified-1-1-768x517.png 768w\" sizes=\"auto, (max-width: 1024px) 100vw, 1024px\" \/><\/figure>\n<\/div>\n\n\n\n<div style=\"height:100px;width:0px\" aria-hidden=\"true\" class=\"wp-block-spacer wp-container-content-1299c3d7\"><\/div>\n<\/div>\n\n\n\n<div style=\"height:100px\" aria-hidden=\"true\" class=\"wp-block-spacer\"><\/div>\n<\/div>\n","protected":false},"excerpt":{"rendered":"<p>Ch\u00e2teau de Gr\u00e9vy | 2 Rue L\u00e9on Guignard | 39380 Mont-sous-Vaudrey 06.31.13.20.28 guichard.agathe@outlook.com Parking gratuit, acc\u00e8s PMR La prise de contact, les r\u00e9ponses aux messages et aux demandes sont assur\u00e9es exclusivement le matin, avant le d\u00e9but des consultations Me contacter : Une fois le formulaire rempli, une prise de contact est effectu\u00e9e pour convenir d\u2019un [&hellip;]<\/p>\n","protected":false},"author":1,"featured_media":0,"parent":0,"menu_order":0,"comment_status":"closed","ping_status":"closed","template":"","meta":{"_uag_custom_page_level_css":"","footnotes":""},"class_list":["post-27","page","type-page","status-publish","hentry"],"uagb_featured_image_src":{"full":false,"thumbnail":false,"medium":false,"medium_large":false,"large":false,"1536x1536":false,"2048x2048":false},"uagb_author_info":{"display_name":"admin8937","author_link":"https:\/\/agathe-guichard-psychologue.fr\/index.php\/author\/admin8937\/"},"uagb_comment_info":0,"uagb_excerpt":"Ch\u00e2teau de Gr\u00e9vy | 2 Rue L\u00e9on Guignard | 39380 Mont-sous-Vaudrey 06.31.13.20.28 guichard.agathe@outlook.com Parking gratuit, acc\u00e8s PMR La prise de contact, les r\u00e9ponses aux messages et aux demandes sont assur\u00e9es exclusivement le matin, avant le d\u00e9but des consultations Me contacter : Une fois le formulaire rempli, une prise de contact est effectu\u00e9e pour convenir d\u2019un\u2026","jetpack_sharing_enabled":true,"_links":{"self":[{"href":"https:\/\/agathe-guichard-psychologue.fr\/index.php\/wp-json\/wp\/v2\/pages\/27","targetHints":{"allow":["GET"]}}],"collection":[{"href":"https:\/\/agathe-guichard-psychologue.fr\/index.php\/wp-json\/wp\/v2\/pages"}],"about":[{"href":"https:\/\/agathe-guichard-psychologue.fr\/index.php\/wp-json\/wp\/v2\/types\/page"}],"author":[{"embeddable":true,"href":"https:\/\/agathe-guichard-psychologue.fr\/index.php\/wp-json\/wp\/v2\/users\/1"}],"replies":[{"embeddable":true,"href":"https:\/\/agathe-guichard-psychologue.fr\/index.php\/wp-json\/wp\/v2\/comments?post=27"}],"version-history":[{"count":154,"href":"https:\/\/agathe-guichard-psychologue.fr\/index.php\/wp-json\/wp\/v2\/pages\/27\/revisions"}],"predecessor-version":[{"id":1178,"href":"https:\/\/agathe-guichard-psychologue.fr\/index.php\/wp-json\/wp\/v2\/pages\/27\/revisions\/1178"}],"wp:attachment":[{"href":"https:\/\/agathe-guichard-psychologue.fr\/index.php\/wp-json\/wp\/v2\/media?parent=27"}],"curies":[{"name":"wp","href":"https:\/\/api.w.org\/{rel}","templated":true}]}}