{"id":37,"date":"2025-11-30T14:22:54","date_gmt":"2025-11-30T14:22:54","guid":{"rendered":"https:\/\/agathe-guichard-psychologue.fr\/?page_id=37"},"modified":"2026-01-06T15:24:24","modified_gmt":"2026-01-06T14:24:24","slug":"mon-approche","status":"publish","type":"page","link":"https:\/\/agathe-guichard-psychologue.fr\/index.php\/mon-approche\/","title":{"rendered":"A propos"},"content":{"rendered":"\n<div class=\"wp-block-group alignfull is-vertical is-content-justification-center is-layout-flex wp-container-core-group-is-layout-ce155fab wp-block-group-is-layout-flex superb-addons-hide-on-mobile\">\n<p style=\"opacity: 0;\" superb-addons-animation=\"revealltr\" class=\"has-superbfont-large-font-size\">Qui suis-je ?<\/p>\n\n\n\n<div class=\"wp-block-group wp-container-content-958eb9dc is-content-justification-center is-nowrap is-layout-flex wp-container-core-group-is-layout-b93cabc5 wp-block-group-is-layout-flex\">\n<div style=\"height:100px;width:0px\" aria-hidden=\"true\" class=\"wp-block-spacer wp-container-content-bd39d509\"><\/div>\n\n\n\n<figure class=\"wp-block-image size-large has-custom-border wp-container-content-bcc2b3d9\"><img loading=\"lazy\" decoding=\"async\" width=\"683\" height=\"1024\" src=\"http:\/\/agathe-guichard-psychologue.fr\/wp-content\/uploads\/2026\/01\/DSC06834_DxO-1-683x1024.jpg\" alt=\"\" class=\"wp-image-966\" style=\"border-top-left-radius:30px;border-top-right-radius:30px;border-bottom-left-radius:30px;border-bottom-right-radius:30px\" srcset=\"https:\/\/agathe-guichard-psychologue.fr\/wp-content\/uploads\/2026\/01\/DSC06834_DxO-1-683x1024.jpg 683w, https:\/\/agathe-guichard-psychologue.fr\/wp-content\/uploads\/2026\/01\/DSC06834_DxO-1-200x300.jpg 200w, https:\/\/agathe-guichard-psychologue.fr\/wp-content\/uploads\/2026\/01\/DSC06834_DxO-1-768x1152.jpg 768w, https:\/\/agathe-guichard-psychologue.fr\/wp-content\/uploads\/2026\/01\/DSC06834_DxO-1-1024x1536.jpg 1024w, https:\/\/agathe-guichard-psychologue.fr\/wp-content\/uploads\/2026\/01\/DSC06834_DxO-1-1365x2048.jpg 1365w, https:\/\/agathe-guichard-psychologue.fr\/wp-content\/uploads\/2026\/01\/DSC06834_DxO-1-scaled.jpg 1707w\" sizes=\"auto, (max-width: 683px) 100vw, 683px\" \/><\/figure>\n\n\n\n<div style=\"height:100px;width:0px\" aria-hidden=\"true\" class=\"wp-block-spacer wp-container-content-3fc47af8\"><\/div>\n\n\n\n<div class=\"wp-block-group wp-container-content-ab83f395 is-vertical is-layout-flex wp-container-core-group-is-layout-fe9cc265 wp-block-group-is-layout-flex\">\n<p class=\"has-superbfont-small-font-size\">Je suis Agathe Guichard, psychologue clinicienne, dipl\u00f4m\u00e9e d\u2019un master en psychologie clinique, psychopathologie et psychologie de la sant\u00e9 &#8211; clinique de la famille, et je propose une approche dite&nbsp;<strong>int\u00e9grative<\/strong>.<\/p>\n\n\n\n<p class=\"has-superbfont-small-font-size\">J\u2019utilise diff\u00e9rents outils et m\u00e9thodes que j\u2019adapte en fonction des besoins des patient.e.s que je rencontre.<\/p>\n\n\n\n<p class=\"has-superbfont-small-font-size\">J\u2019ai travaill\u00e9 plusieurs ann\u00e9es dans un centre de r\u00e9\u00e9ducation, o\u00f9 j\u2019ai accompagn\u00e9 des patient.e.s pr\u00e9sentant diff\u00e9rentes pathologies (AVC, maladies chroniques, amputation, prise en charge post-op\u00e9ratoire&#8230;). <br>J\u2019ai \u00e0 c\u0153ur de prendre en compte la <strong>dimension corporelle<\/strong> et <strong>psychique<\/strong>, \u00e9tant <strong>\u00e9troitement li\u00e9es<\/strong>, afin de proposer un accompagnement plus global.<\/p>\n\n\n\n<p class=\"has-superbfont-small-font-size\">Mon objectif est de vous proposer une prise en charge personnalis\u00e9e, dans un <strong>cadre s\u00e9curisant et respectueux<\/strong> de votre rythme. <br>Je m\u2019attache dans un premier temps \u00e0 favoriser les conditions d\u2019une <strong>alliance th\u00e9rapeutique<\/strong>, puis nous avan\u00e7ons ensemble sur vos probl\u00e9matiques, en tenant compte de vos <strong>ressources<\/strong> et vos <strong>limites<\/strong>.<\/p>\n\n\n\n<div class=\"wp-block-group is-nowrap is-layout-flex wp-container-core-group-is-layout-6c531013 wp-block-group-is-layout-flex\">\n<figure class=\"wp-block-image size-full has-custom-border wp-container-content-1387b69e\"><img loading=\"lazy\" decoding=\"async\" width=\"500\" height=\"500\" src=\"https:\/\/agathe-guichard-psychologue.fr\/wp-content\/uploads\/2025\/12\/5C587759-52DE-4B70-8CCE-28D2D3A12501-removebg-preview.png\" alt=\"\" class=\"wp-image-660\" style=\"border-top-left-radius:10px;border-top-right-radius:10px;border-bottom-left-radius:10px;border-bottom-right-radius:10px\" srcset=\"https:\/\/agathe-guichard-psychologue.fr\/wp-content\/uploads\/2025\/12\/5C587759-52DE-4B70-8CCE-28D2D3A12501-removebg-preview.png 500w, https:\/\/agathe-guichard-psychologue.fr\/wp-content\/uploads\/2025\/12\/5C587759-52DE-4B70-8CCE-28D2D3A12501-removebg-preview-300x300.png 300w, https:\/\/agathe-guichard-psychologue.fr\/wp-content\/uploads\/2025\/12\/5C587759-52DE-4B70-8CCE-28D2D3A12501-removebg-preview-150x150.png 150w\" sizes=\"auto, (max-width: 500px) 100vw, 500px\" \/><\/figure>\n\n\n\n<p class=\"has-superbfont-small-font-size\">LGBTQIA+ Friendly :<br>Les personnes queer sont les bienvenues et peuvent trouver aupr\u00e8s de moi un espace o\u00f9 leur identit\u00e9 est reconnue, respect\u00e9e et accueillie sans jugement.<\/p>\n<\/div>\n\n\n\n<div class=\"wp-block-group is-nowrap is-layout-flex wp-container-core-group-is-layout-6c531013 wp-block-group-is-layout-flex\">\n<figure class=\"wp-block-image size-full is-style-default wp-container-content-962be591\"><img loading=\"lazy\" decoding=\"async\" width=\"408\" height=\"612\" src=\"https:\/\/agathe-guichard-psychologue.fr\/wp-content\/uploads\/2025\/12\/44FA830B-1ADC-4AC4-A526-4BF8F39D17D7-removebg-preview.png\" alt=\"\" class=\"wp-image-661\" srcset=\"https:\/\/agathe-guichard-psychologue.fr\/wp-content\/uploads\/2025\/12\/44FA830B-1ADC-4AC4-A526-4BF8F39D17D7-removebg-preview.png 408w, https:\/\/agathe-guichard-psychologue.fr\/wp-content\/uploads\/2025\/12\/44FA830B-1ADC-4AC4-A526-4BF8F39D17D7-removebg-preview-200x300.png 200w\" sizes=\"auto, (max-width: 408px) 100vw, 408px\" \/><\/figure>\n\n\n\n<p class=\"has-superbfont-small-font-size\">Form\u00e9e \u00e0 la maladie de parkinson<\/p>\n<\/div>\n<\/div>\n\n\n\n<div style=\"height:100px;width:0px\" aria-hidden=\"true\" class=\"wp-block-spacer wp-container-content-d495dc90\"><\/div>\n<\/div>\n<\/div>\n\n\n\n<div class=\"wp-block-group alignfull uag-hide-desktop uag-hide-tab is-vertical is-content-justification-center is-layout-flex wp-container-core-group-is-layout-ce155fab wp-block-group-is-layout-flex\">\n<p style=\"opacity: 0;\" superb-addons-animation=\"revealltr\" class=\"has-superbfont-large-font-size\">Qui suis-je ?<\/p>\n\n\n\n<div class=\"wp-block-group wp-container-content-958eb9dc is-content-justification-center is-nowrap is-layout-flex wp-container-core-group-is-layout-b93cabc5 wp-block-group-is-layout-flex\">\n<div style=\"height:100px;width:0px\" aria-hidden=\"true\" class=\"wp-block-spacer wp-container-content-1299c3d7\"><\/div>\n\n\n\n<div class=\"wp-block-group wp-container-content-ab83f395 is-vertical is-layout-flex wp-container-core-group-is-layout-fe9cc265 wp-block-group-is-layout-flex\">\n<p class=\"has-superbfont-medium-font-size\">Je suis Agathe Guichard, psychologue clinicienne, dipl\u00f4m\u00e9e d\u2019un master en psychologie clinique, psychopathologie et psychologie de la sant\u00e9 &#8211; clinique de la famille, et je propose une approche dite&nbsp;<strong>int\u00e9grative<\/strong>.<\/p>\n\n\n\n<figure class=\"wp-block-image size-large has-custom-border wp-container-content-24227693\"><img loading=\"lazy\" decoding=\"async\" width=\"683\" height=\"1024\" src=\"http:\/\/agathe-guichard-psychologue.fr\/wp-content\/uploads\/2026\/01\/DSC06834_DxO-1-683x1024.jpg\" alt=\"\" class=\"wp-image-966\" style=\"border-top-left-radius:30px;border-top-right-radius:30px;border-bottom-left-radius:30px;border-bottom-right-radius:30px\" srcset=\"https:\/\/agathe-guichard-psychologue.fr\/wp-content\/uploads\/2026\/01\/DSC06834_DxO-1-683x1024.jpg 683w, https:\/\/agathe-guichard-psychologue.fr\/wp-content\/uploads\/2026\/01\/DSC06834_DxO-1-200x300.jpg 200w, https:\/\/agathe-guichard-psychologue.fr\/wp-content\/uploads\/2026\/01\/DSC06834_DxO-1-768x1152.jpg 768w, https:\/\/agathe-guichard-psychologue.fr\/wp-content\/uploads\/2026\/01\/DSC06834_DxO-1-1024x1536.jpg 1024w, https:\/\/agathe-guichard-psychologue.fr\/wp-content\/uploads\/2026\/01\/DSC06834_DxO-1-1365x2048.jpg 1365w, https:\/\/agathe-guichard-psychologue.fr\/wp-content\/uploads\/2026\/01\/DSC06834_DxO-1-scaled.jpg 1707w\" sizes=\"auto, (max-width: 683px) 100vw, 683px\" \/><\/figure>\n\n\n\n<p class=\"has-superbfont-medium-font-size\">J\u2019utilise diff\u00e9rents outils et m\u00e9thodes que j\u2019adapte en fonction des besoins des patient.e.s que je rencontre.<\/p>\n\n\n\n<p class=\"has-superbfont-medium-font-size\">J\u2019ai travaill\u00e9 plusieurs ann\u00e9es dans un centre de r\u00e9\u00e9ducation, o\u00f9 j\u2019ai accompagn\u00e9 des patient.e.s pr\u00e9sentant diff\u00e9rentes pathologies (AVC, maladies chroniques, amputation, prise en charge post-op\u00e9ratoire&#8230;). <br>J\u2019ai \u00e0 c\u0153ur de prendre en compte la <strong>dimension corporelle<\/strong> et <strong>psychique<\/strong>, \u00e9tant <strong>\u00e9troitement li\u00e9es<\/strong>, afin de proposer un accompagnement plus global.<\/p>\n\n\n\n<p class=\"has-superbfont-medium-font-size\">Mon objectif est de vous proposer une prise en charge personnalis\u00e9e, dans un <strong>cadre s\u00e9curisant et respectueux<\/strong> de votre rythme. <br>Je m\u2019attache dans un premier temps \u00e0 favoriser les conditions d\u2019une <strong>alliance th\u00e9rapeutique<\/strong>, puis nous avan\u00e7ons ensemble sur vos probl\u00e9matiques, en tenant compte de vos <strong>ressources<\/strong> et vos <strong>limites<\/strong>.<\/p>\n\n\n\n<div class=\"wp-block-group is-nowrap is-layout-flex wp-container-core-group-is-layout-6c531013 wp-block-group-is-layout-flex\">\n<div class=\"wp-block-group is-vertical is-content-justification-left is-layout-flex wp-container-core-group-is-layout-dd225191 wp-block-group-is-layout-flex\">\n<div class=\"wp-block-group is-nowrap is-layout-flex wp-container-core-group-is-layout-6c531013 wp-block-group-is-layout-flex\">\n<figure class=\"wp-block-image size-full has-custom-border wp-container-content-7fbdbbbc\"><img loading=\"lazy\" decoding=\"async\" width=\"500\" height=\"500\" src=\"https:\/\/agathe-guichard-psychologue.fr\/wp-content\/uploads\/2025\/12\/5C587759-52DE-4B70-8CCE-28D2D3A12501-removebg-preview.png\" alt=\"\" class=\"wp-image-660\" style=\"border-top-left-radius:10px;border-top-right-radius:10px;border-bottom-left-radius:10px;border-bottom-right-radius:10px\" srcset=\"https:\/\/agathe-guichard-psychologue.fr\/wp-content\/uploads\/2025\/12\/5C587759-52DE-4B70-8CCE-28D2D3A12501-removebg-preview.png 500w, https:\/\/agathe-guichard-psychologue.fr\/wp-content\/uploads\/2025\/12\/5C587759-52DE-4B70-8CCE-28D2D3A12501-removebg-preview-300x300.png 300w, https:\/\/agathe-guichard-psychologue.fr\/wp-content\/uploads\/2025\/12\/5C587759-52DE-4B70-8CCE-28D2D3A12501-removebg-preview-150x150.png 150w\" sizes=\"auto, (max-width: 500px) 100vw, 500px\" \/><\/figure>\n\n\n\n<p class=\"has-superbfont-small-font-size\">LGBTQIA+ Friendly :<br>Les personnes queer sont les bienvenues et peuvent trouver aupr\u00e8s de moi un espace o\u00f9 leur identit\u00e9 est reconnue, respect\u00e9e et accueillie sans jugement.<\/p>\n<\/div>\n\n\n\n<div class=\"wp-block-group is-nowrap is-layout-flex wp-container-core-group-is-layout-6c531013 wp-block-group-is-layout-flex\">\n<figure class=\"wp-block-image size-full is-style-default wp-container-content-b0223bd5\"><img loading=\"lazy\" decoding=\"async\" width=\"408\" height=\"612\" src=\"https:\/\/agathe-guichard-psychologue.fr\/wp-content\/uploads\/2025\/12\/44FA830B-1ADC-4AC4-A526-4BF8F39D17D7-removebg-preview.png\" alt=\"\" class=\"wp-image-661\" srcset=\"https:\/\/agathe-guichard-psychologue.fr\/wp-content\/uploads\/2025\/12\/44FA830B-1ADC-4AC4-A526-4BF8F39D17D7-removebg-preview.png 408w, https:\/\/agathe-guichard-psychologue.fr\/wp-content\/uploads\/2025\/12\/44FA830B-1ADC-4AC4-A526-4BF8F39D17D7-removebg-preview-200x300.png 200w\" sizes=\"auto, (max-width: 408px) 100vw, 408px\" \/><\/figure>\n\n\n\n<p class=\"has-superbfont-small-font-size\">Form\u00e9e \u00e0 la maladie de parkinson<\/p>\n<\/div>\n<\/div>\n<\/div>\n<\/div>\n\n\n\n<div style=\"height:100px;width:0px\" aria-hidden=\"true\" class=\"wp-block-spacer wp-container-content-1299c3d7\"><\/div>\n<\/div>\n<\/div>\n\n\n\n<div class=\"wp-block-group alignfull is-nowrap is-layout-flex wp-container-core-group-is-layout-6c531013 wp-block-group-is-layout-flex\">\n<div style=\"height:100px;width:0px\" aria-hidden=\"true\" class=\"wp-block-spacer wp-container-content-9fbfa86d\"><\/div>\n\n\n\n<p class=\"has-text-align-left has-superbfont-medium-font-size\" style=\"margin-right:0;margin-left:0\">Au sein de mon cabinet, j\u2019ai \u00e0 coeur de proposer plusieurs espaces d\u2019accompagnement : un espace <strong>bureau<\/strong>, un coin plus cosy avec <strong>canap\u00e9 <\/strong>et <strong>plaid <\/strong>\u00e0 disposition, ainsi que la possibilit\u00e9 de se rendre \u00e0 l\u2019ext\u00e9rieur, dans le cadre de la <strong>marche th\u00e9rapeutique<\/strong>.<\/p>\n\n\n\n<div style=\"height:100px;width:0px\" aria-hidden=\"true\" class=\"wp-block-spacer wp-container-content-9fbfa86d\"><\/div>\n<\/div>\n\n\n\n<div style=\"height:100px\" aria-hidden=\"true\" class=\"wp-block-spacer\"><\/div>\n","protected":false},"excerpt":{"rendered":"<p>Qui suis-je ? Je suis Agathe Guichard, psychologue clinicienne, dipl\u00f4m\u00e9e d\u2019un master en psychologie clinique, psychopathologie et psychologie de la sant\u00e9 &#8211; clinique de la famille, et je propose une approche dite&nbsp;int\u00e9grative. J\u2019utilise diff\u00e9rents outils et m\u00e9thodes que j\u2019adapte en fonction des besoins des patient.e.s que je rencontre. J\u2019ai travaill\u00e9 plusieurs ann\u00e9es dans un centre [&hellip;]<\/p>\n","protected":false},"author":1,"featured_media":0,"parent":0,"menu_order":0,"comment_status":"closed","ping_status":"closed","template":"","meta":{"_uag_custom_page_level_css":"","footnotes":""},"class_list":["post-37","page","type-page","status-publish","hentry"],"uagb_featured_image_src":{"full":false,"thumbnail":false,"medium":false,"medium_large":false,"large":false,"1536x1536":false,"2048x2048":false},"uagb_author_info":{"display_name":"admin8937","author_link":"https:\/\/agathe-guichard-psychologue.fr\/index.php\/author\/admin8937\/"},"uagb_comment_info":0,"uagb_excerpt":"Qui suis-je ? Je suis Agathe Guichard, psychologue clinicienne, dipl\u00f4m\u00e9e d\u2019un master en psychologie clinique, psychopathologie et psychologie de la sant\u00e9 &#8211; clinique de la famille, et je propose une approche dite&nbsp;int\u00e9grative. J\u2019utilise diff\u00e9rents outils et m\u00e9thodes que j\u2019adapte en fonction des besoins des patient.e.s que je rencontre. J\u2019ai travaill\u00e9 plusieurs ann\u00e9es dans un centre\u2026","jetpack_sharing_enabled":true,"_links":{"self":[{"href":"https:\/\/agathe-guichard-psychologue.fr\/index.php\/wp-json\/wp\/v2\/pages\/37","targetHints":{"allow":["GET"]}}],"collection":[{"href":"https:\/\/agathe-guichard-psychologue.fr\/index.php\/wp-json\/wp\/v2\/pages"}],"about":[{"href":"https:\/\/agathe-guichard-psychologue.fr\/index.php\/wp-json\/wp\/v2\/types\/page"}],"author":[{"embeddable":true,"href":"https:\/\/agathe-guichard-psychologue.fr\/index.php\/wp-json\/wp\/v2\/users\/1"}],"replies":[{"embeddable":true,"href":"https:\/\/agathe-guichard-psychologue.fr\/index.php\/wp-json\/wp\/v2\/comments?post=37"}],"version-history":[{"count":185,"href":"https:\/\/agathe-guichard-psychologue.fr\/index.php\/wp-json\/wp\/v2\/pages\/37\/revisions"}],"predecessor-version":[{"id":1224,"href":"https:\/\/agathe-guichard-psychologue.fr\/index.php\/wp-json\/wp\/v2\/pages\/37\/revisions\/1224"}],"wp:attachment":[{"href":"https:\/\/agathe-guichard-psychologue.fr\/index.php\/wp-json\/wp\/v2\/media?parent=37"}],"curies":[{"name":"wp","href":"https:\/\/api.w.org\/{rel}","templated":true}]}}